{"id":94294,"date":"2023-12-04T08:40:18","date_gmt":"2023-12-04T08:40:18","guid":{"rendered":"https:\/\/gtv2.lotusmiles.com\/san-pham\/seo-google-maps\/"},"modified":"2024-05-03T02:48:04","modified_gmt":"2024-05-03T02:48:04","slug":"seo-google-maps","status":"publish","type":"product","link":"https:\/\/gtv2.lotusmiles.com\/en\/san-pham\/seo-google-maps\/","title":{"rendered":"SEO Google Maps"},"content":{"rendered":"<p>Kh\u00f3a h\u1ecdc h\u01b0\u1edbng d\u1eabn tri\u1ec3n khai chi ti\u1ebft SEO GOOGLE MAP gi\u00fap t\u0103ng th\u00eam l\u01b0\u1ee3ng kh\u00e1ch h\u00e0ng t\u00ecm \u0111\u1ebfn website c\u0169ng nh\u01b0 x\u00e2y d\u1ef1ng th\u01b0\u01a1ng hi\u1ec7u cho doanh nghi\u1ec7p.<\/p>\n","protected":false},"excerpt":{"rendered":"<p>Kh\u00f3a h\u1ecdc h\u01b0\u1edbng d\u1eabn tri\u1ec3n khai chi ti\u1ebft SEO GOOGLE MAP gi\u00fap t\u0103ng th\u00eam l\u01b0\u1ee3ng kh\u00e1ch h\u00e0ng t\u00ecm \u0111\u1ebfn website c\u0169ng nh\u01b0 x\u00e2y d\u1ef1ng th\u01b0\u01a1ng hi\u1ec7u cho doanh nghi\u1ec7p.<\/p>\n","protected":false},"featured_media":94295,"comment_status":"closed","ping_status":"closed","template":"","meta":{"inline_featured_image":false},"product_cat":[82],"product_tag":[],"class_list":["post-94294","product","type-product","status-publish","has-post-thumbnail","hentry","product_cat-uncategorized"],"acf":{"learning_time":"2 gi\u1edd h\u1ecdc","learning_form":"video\/ slide","link_dang_ky":"\/khoa-seo-google-map-gtv\/","check_new":false,"coming_soon":false},"_links":{"self":[{"href":"https:\/\/gtv2.lotusmiles.com\/en\/wp-json\/wp\/v2\/product\/94294","targetHints":{"allow":["GET"]}}],"collection":[{"href":"https:\/\/gtv2.lotusmiles.com\/en\/wp-json\/wp\/v2\/product"}],"about":[{"href":"https:\/\/gtv2.lotusmiles.com\/en\/wp-json\/wp\/v2\/types\/product"}],"replies":[{"embeddable":true,"href":"https:\/\/gtv2.lotusmiles.com\/en\/wp-json\/wp\/v2\/comments?post=94294"}],"wp:featuredmedia":[{"embeddable":true,"href":"https:\/\/gtv2.lotusmiles.com\/en\/wp-json\/wp\/v2\/media\/94295"}],"wp:attachment":[{"href":"https:\/\/gtv2.lotusmiles.com\/en\/wp-json\/wp\/v2\/media?parent=94294"}],"wp:term":[{"taxonomy":"product_cat","embeddable":true,"href":"https:\/\/gtv2.lotusmiles.com\/en\/wp-json\/wp\/v2\/product_cat?post=94294"},{"taxonomy":"product_tag","embeddable":true,"href":"https:\/\/gtv2.lotusmiles.com\/en\/wp-json\/wp\/v2\/product_tag?post=94294"}],"curies":[{"name":"wp","href":"https:\/\/api.w.org\/{rel}","templated":true}]}}