{"id":94297,"date":"2023-12-04T08:40:18","date_gmt":"2023-12-04T08:40:18","guid":{"rendered":"https:\/\/gtv2.lotusmiles.com\/san-pham\/audit-content\/"},"modified":"2024-05-03T02:53:43","modified_gmt":"2024-05-03T02:53:43","slug":"audit-content","status":"publish","type":"product","link":"https:\/\/gtv2.lotusmiles.com\/en\/san-pham\/audit-content\/","title":{"rendered":"Audit Content"},"content":{"rendered":"<p>Kh\u00f3a h\u1ecdc h\u01b0\u1edbng d\u1eabn ph\u00e2n lo\u1ea1i v\u00e0 audit t\u1eebng lo\u1ea1i content, gi\u00fap website tr\u00e1nh v\u00e0 tho\u00e1t kh\u1ecfi \u00e1n ph\u1ea1t Panda.<\/p>\n","protected":false},"excerpt":{"rendered":"<p>Kh\u00f3a h\u1ecdc h\u01b0\u1edbng d\u1eabn ph\u00e2n lo\u1ea1i v\u00e0 audit t\u1eebng lo\u1ea1i content, gi\u00fap website tr\u00e1nh v\u00e0 tho\u00e1t kh\u1ecfi \u00e1n ph\u1ea1t Panda.<\/p>\n","protected":false},"featured_media":94298,"comment_status":"closed","ping_status":"closed","template":"","meta":{"inline_featured_image":false},"product_cat":[82],"product_tag":[],"class_list":["post-94297","product","type-product","status-publish","has-post-thumbnail","hentry","product_cat-uncategorized"],"acf":{"learning_time":"2 gi\u1edd h\u1ecdc","learning_form":"video\/ slide","link_dang_ky":"\/khoa-hoc-audit-content-gtv\/","check_new":false,"coming_soon":false},"_links":{"self":[{"href":"https:\/\/gtv2.lotusmiles.com\/en\/wp-json\/wp\/v2\/product\/94297","targetHints":{"allow":["GET"]}}],"collection":[{"href":"https:\/\/gtv2.lotusmiles.com\/en\/wp-json\/wp\/v2\/product"}],"about":[{"href":"https:\/\/gtv2.lotusmiles.com\/en\/wp-json\/wp\/v2\/types\/product"}],"replies":[{"embeddable":true,"href":"https:\/\/gtv2.lotusmiles.com\/en\/wp-json\/wp\/v2\/comments?post=94297"}],"wp:featuredmedia":[{"embeddable":true,"href":"https:\/\/gtv2.lotusmiles.com\/en\/wp-json\/wp\/v2\/media\/94298"}],"wp:attachment":[{"href":"https:\/\/gtv2.lotusmiles.com\/en\/wp-json\/wp\/v2\/media?parent=94297"}],"wp:term":[{"taxonomy":"product_cat","embeddable":true,"href":"https:\/\/gtv2.lotusmiles.com\/en\/wp-json\/wp\/v2\/product_cat?post=94297"},{"taxonomy":"product_tag","embeddable":true,"href":"https:\/\/gtv2.lotusmiles.com\/en\/wp-json\/wp\/v2\/product_tag?post=94297"}],"curies":[{"name":"wp","href":"https:\/\/api.w.org\/{rel}","templated":true}]}}